{"id":658,"date":"2019-05-09T16:17:58","date_gmt":"2019-05-09T20:17:58","guid":{"rendered":"http:\/\/lepressoirsxm.com\/a-propos\/"},"modified":"2024-07-12T10:46:26","modified_gmt":"2024-07-12T14:46:26","slug":"a-propos","status":"publish","type":"page","link":"https:\/\/lepressoirsxm.com\/fr\/a-propos\/","title":{"rendered":"Visite virtuelle"},"content":{"rendered":"\t\t<div data-elementor-type=\"wp-post\" data-elementor-id=\"658\" class=\"elementor elementor-658 elementor-67\" data-elementor-post-type=\"page\">\n\t\t\t\t\t\t<section class=\"elementor-section elementor-top-section elementor-element elementor-element-6696e1c elementor-section-height-min-height elementor-section-content-middle elementor-section-boxed elementor-section-height-default elementor-section-items-middle\" data-id=\"6696e1c\" data-element_type=\"section\" data-e-type=\"section\" data-settings=\"{&quot;background_background&quot;:&quot;classic&quot;}\">\n\t\t\t\t\t\t\t<div class=\"elementor-background-overlay\"><\/div>\n\t\t\t\t\t\t\t<div class=\"elementor-container elementor-column-gap-default\">\n\t\t\t\t\t<div class=\"elementor-column elementor-col-100 elementor-top-column elementor-element elementor-element-50303af\" data-id=\"50303af\" data-element_type=\"column\" data-e-type=\"column\">\n\t\t\t<div class=\"elementor-widget-wrap elementor-element-populated\">\n\t\t\t\t\t\t<div class=\"elementor-element elementor-element-e5e98fc elementor-widget__width-initial elementor-widget elementor-widget-heading\" data-id=\"e5e98fc\" data-element_type=\"widget\" data-e-type=\"widget\" data-widget_type=\"heading.default\">\n\t\t\t\t<div class=\"elementor-widget-container\">\n\t\t\t\t\t<h2 class=\"elementor-heading-title elementor-size-default\">Visite virutelle du Pressoir...<\/h2>\t\t\t\t<\/div>\n\t\t\t\t<\/div>\n\t\t\t\t<div class=\"elementor-element elementor-element-36af7de elementor-widget elementor-widget-text-editor\" data-id=\"36af7de\" data-element_type=\"widget\" data-e-type=\"widget\" data-widget_type=\"text-editor.default\">\n\t\t\t\t<div class=\"elementor-widget-container\">\n\t\t\t\t\t\t\t\t\t<p><iframe style=\"display: block; margin: 20px auto; border: 0 none; max-width: 1200px; border-radius: 8px; box-shadow: 0 1px 1px rgba(0,0,0,0.11),0 2px 2px rgba(0,0,0,0.11),0 4px 4px rgba(0,0,0,0.11), 0 6px 8px rgba(0,0,0,0.11),0 8px 16px rgba(0,0,0,0.11);\" src=\"https:\/\/360.newsly24.com\/share\/collection\/7XFGz?logo=bWVkaWEvNDQwNzkwLzY1NTctYjE3Zi01MmJjLTY1NTgucG5n&amp;card=1&amp;info=0&amp;logosize=200&amp;fs=1&amp;vr=1&amp;zoom=1&amp;sd=1&amp;thumbs=2&amp;margin=4&amp;inst=fr\" width=\"90%\" height=\"580px\" allowfullscreen=\"allowfullscreen\"><\/iframe><\/p>\n\t\t\t\t\t\t\t\t<\/div>\n\t\t\t\t<\/div>\n\t\t\t\t<div class=\"elementor-element elementor-element-850917c elementor-widget-divider--view-line elementor-widget elementor-widget-divider\" data-id=\"850917c\" data-element_type=\"widget\" data-e-type=\"widget\" data-widget_type=\"divider.default\">\n\t\t\t\t<div class=\"elementor-widget-container\">\n\t\t\t\t\t\t\t<div class=\"elementor-divider\">\n\t\t\t<span class=\"elementor-divider-separator\">\n\t\t\t\t\t\t<\/span>\n\t\t<\/div>\n\t\t\t\t\t\t<\/div>\n\t\t\t\t<\/div>\n\t\t\t\t\t<\/div>\n\t\t<\/div>\n\t\t\t\t\t<\/div>\n\t\t<\/section>\n\t\t\t\t<section class=\"elementor-section elementor-top-section elementor-element elementor-element-c1bffe6 elementor-section-full_width elementor-section-height-min-height elementor-section-items-stretch elementor-section-content-middle elementor-section-height-default\" data-id=\"c1bffe6\" data-element_type=\"section\" data-e-type=\"section\" data-settings=\"{&quot;background_background&quot;:&quot;gradient&quot;}\">\n\t\t\t\t\t\t<div class=\"elementor-container elementor-column-gap-no\">\n\t\t\t\t\t<div class=\"elementor-column elementor-col-50 elementor-top-column elementor-element elementor-element-73b16ebb\" data-id=\"73b16ebb\" data-element_type=\"column\" data-e-type=\"column\" data-settings=\"{&quot;background_background&quot;:&quot;gradient&quot;}\">\n\t\t\t<div class=\"elementor-widget-wrap elementor-element-populated\">\n\t\t\t\t\t\t<div class=\"elementor-element elementor-element-1f69708 elementor-widget elementor-widget-image\" data-id=\"1f69708\" data-element_type=\"widget\" data-e-type=\"widget\" data-widget_type=\"image.default\">\n\t\t\t\t<div class=\"elementor-widget-container\">\n\t\t\t\t\t\t\t\t\t\t\t\t\t\t\t<img fetchpriority=\"high\" decoding=\"async\" width=\"768\" height=\"474\" src=\"https:\/\/lepressoirsxm.com\/wp-content\/uploads\/2019\/08\/Le-Pressoir-24-768x474.jpg\" class=\"attachment-medium_large size-medium_large wp-image-842\" alt=\"\" srcset=\"https:\/\/lepressoirsxm.com\/wp-content\/uploads\/2019\/08\/Le-Pressoir-24-768x474.jpg 768w, https:\/\/lepressoirsxm.com\/wp-content\/uploads\/2019\/08\/Le-Pressoir-24-300x185.jpg 300w, https:\/\/lepressoirsxm.com\/wp-content\/uploads\/2019\/08\/Le-Pressoir-24-1024x632.jpg 1024w, https:\/\/lepressoirsxm.com\/wp-content\/uploads\/2019\/08\/Le-Pressoir-24.jpg 1500w\" sizes=\"(max-width: 768px) 100vw, 768px\" \/>\t\t\t\t\t\t\t\t\t\t\t\t\t\t\t<\/div>\n\t\t\t\t<\/div>\n\t\t\t\t\t<\/div>\n\t\t<\/div>\n\t\t\t\t<div class=\"elementor-column elementor-col-50 elementor-top-column elementor-element elementor-element-41cc1550\" data-id=\"41cc1550\" data-element_type=\"column\" data-e-type=\"column\" data-settings=\"{&quot;background_background&quot;:&quot;gradient&quot;}\">\n\t\t\t<div class=\"elementor-widget-wrap elementor-element-populated\">\n\t\t\t\t\t\t<div class=\"elementor-element elementor-element-69ecf8f4 elementor-widget elementor-widget-heading\" data-id=\"69ecf8f4\" data-element_type=\"widget\" data-e-type=\"widget\" data-widget_type=\"heading.default\">\n\t\t\t\t<div class=\"elementor-widget-container\">\n\t\t\t\t\t<h2 class=\"elementor-heading-title elementor-size-default\">Le Pressoir<\/h2>\t\t\t\t<\/div>\n\t\t\t\t<\/div>\n\t\t\t\t<div class=\"elementor-element elementor-element-58787ae0 elementor-widget elementor-widget-text-editor\" data-id=\"58787ae0\" data-element_type=\"widget\" data-e-type=\"widget\" data-widget_type=\"text-editor.default\">\n\t\t\t\t<div class=\"elementor-widget-container\">\n\t\t\t\t\t\t\t\t\t<p>Tout commence au sein d\u2019une case cr\u00e9ole centenaire, aux espaces repens\u00e9s, alliant volumes cr\u00e9oles et effets contemporains. Dans le chaleureux d\u00e9cor de cette maison impr\u00e9gn\u00e9e d\u2019histoire et de tradition, l\u2019authenticit\u00e9 est au rendez-vous.<\/p>\n<p>&nbsp;<\/p>\n\t\t\t\t\t\t\t\t<\/div>\n\t\t\t\t<\/div>\n\t\t\t\t<div class=\"elementor-element elementor-element-207cbbb4 elementor-widget-divider--view-line elementor-widget elementor-widget-divider\" data-id=\"207cbbb4\" data-element_type=\"widget\" data-e-type=\"widget\" data-widget_type=\"divider.default\">\n\t\t\t\t<div class=\"elementor-widget-container\">\n\t\t\t\t\t\t\t<div class=\"elementor-divider\">\n\t\t\t<span class=\"elementor-divider-separator\">\n\t\t\t\t\t\t<\/span>\n\t\t<\/div>\n\t\t\t\t\t\t<\/div>\n\t\t\t\t<\/div>\n\t\t\t\t\t<\/div>\n\t\t<\/div>\n\t\t\t\t\t<\/div>\n\t\t<\/section>\n\t\t\t\t<section class=\"elementor-section elementor-top-section elementor-element elementor-element-79ca2269 elementor-section-full_width elementor-section-height-default elementor-section-height-default\" data-id=\"79ca2269\" data-element_type=\"section\" data-e-type=\"section\" data-settings=\"{&quot;background_background&quot;:&quot;gradient&quot;}\">\n\t\t\t\t\t\t\t<div class=\"elementor-background-overlay\"><\/div>\n\t\t\t\t\t\t\t<div class=\"elementor-container elementor-column-gap-no\">\n\t\t\t\t\t<div class=\"elementor-column elementor-col-100 elementor-top-column elementor-element elementor-element-58897586\" data-id=\"58897586\" data-element_type=\"column\" data-e-type=\"column\">\n\t\t\t<div class=\"elementor-widget-wrap elementor-element-populated\">\n\t\t\t\t\t\t<div class=\"elementor-element elementor-element-63efb54e elementor-widget elementor-widget-heading\" data-id=\"63efb54e\" data-element_type=\"widget\" data-e-type=\"widget\" data-widget_type=\"heading.default\">\n\t\t\t\t<div class=\"elementor-widget-container\">\n\t\t\t\t\t<h2 class=\"elementor-heading-title elementor-size-small\">L'EQUIPE<BR>DU PRESSOIR<\/h2>\t\t\t\t<\/div>\n\t\t\t\t<\/div>\n\t\t\t\t<section class=\"elementor-section elementor-inner-section elementor-element elementor-element-df0c834 elementor-section-boxed elementor-section-height-default elementor-section-height-default\" data-id=\"df0c834\" data-element_type=\"section\" data-e-type=\"section\">\n\t\t\t\t\t\t<div class=\"elementor-container elementor-column-gap-default\">\n\t\t\t\t\t<div class=\"elementor-column elementor-col-50 elementor-inner-column elementor-element elementor-element-e951ec7\" data-id=\"e951ec7\" data-element_type=\"column\" data-e-type=\"column\">\n\t\t\t<div class=\"elementor-widget-wrap elementor-element-populated\">\n\t\t\t\t\t\t<div class=\"elementor-element elementor-element-d2f1382 elementor-widget elementor-widget-image\" data-id=\"d2f1382\" data-element_type=\"widget\" data-e-type=\"widget\" data-widget_type=\"image.default\">\n\t\t\t\t<div class=\"elementor-widget-container\">\n\t\t\t\t\t\t\t\t\t\t\t\t\t\t\t<img decoding=\"async\" width=\"300\" height=\"200\" src=\"https:\/\/lepressoirsxm.com\/wp-content\/uploads\/2022\/04\/66DDEA41-4259-47EE-8536-A8ABA877506C_1_105_c-300x200.jpeg\" class=\"attachment-medium size-medium wp-image-2403\" alt=\"\" srcset=\"https:\/\/lepressoirsxm.com\/wp-content\/uploads\/2022\/04\/66DDEA41-4259-47EE-8536-A8ABA877506C_1_105_c-300x200.jpeg 300w, https:\/\/lepressoirsxm.com\/wp-content\/uploads\/2022\/04\/66DDEA41-4259-47EE-8536-A8ABA877506C_1_105_c-1024x683.jpeg 1024w, https:\/\/lepressoirsxm.com\/wp-content\/uploads\/2022\/04\/66DDEA41-4259-47EE-8536-A8ABA877506C_1_105_c-768x512.jpeg 768w, https:\/\/lepressoirsxm.com\/wp-content\/uploads\/2022\/04\/66DDEA41-4259-47EE-8536-A8ABA877506C_1_105_c.jpeg 1086w\" sizes=\"(max-width: 300px) 100vw, 300px\" \/>\t\t\t\t\t\t\t\t\t\t\t\t\t\t\t<\/div>\n\t\t\t\t<\/div>\n\t\t\t\t\t<\/div>\n\t\t<\/div>\n\t\t\t\t<div class=\"elementor-column elementor-col-50 elementor-inner-column elementor-element elementor-element-c66ee2d\" data-id=\"c66ee2d\" data-element_type=\"column\" data-e-type=\"column\">\n\t\t\t<div class=\"elementor-widget-wrap elementor-element-populated\">\n\t\t\t\t\t\t<div class=\"elementor-element elementor-element-de7f31e elementor-widget elementor-widget-text-editor\" data-id=\"de7f31e\" data-element_type=\"widget\" data-e-type=\"widget\" data-widget_type=\"text-editor.default\">\n\t\t\t\t<div class=\"elementor-widget-container\">\n\t\t\t\t\t\t\t\t\t<pre id=\"tw-target-text\" class=\"tw-data-text tw-text-large tw-ta\" dir=\"ltr\" data-placeholder=\"Traduction\"><span class=\"Y2IQFc\" lang=\"fr\">Nous sommes Gil et Milaure! Nous oeuvrons depuis pr\u00e9s de 25 ans dans la restauration.....Des discoth\u00e8ques aux \"doubles \u00e9toil\u00e9s\" en passant par des brasseries chics avec toujours le m\u00eame objectif : Rendre nos clients heureux et se sentir uniques... Nous avons port\u00e9 la gastronomie fran\u00e7aise \u00e0 un nouveau niveau...Nous vous accueillerons \u00e0 la mani\u00e8re \"\u00e9toil\u00e9s\" avec \"The Friendly Island attitude\" que vous m\u00e9ritez...Vous \u00eates plus que des Clients, vous \u00eates nos h\u00f4tes!<\/span><\/pre>\n<p>&nbsp;<\/p>\n\t\t\t\t\t\t\t\t<\/div>\n\t\t\t\t<\/div>\n\t\t\t\t\t<\/div>\n\t\t<\/div>\n\t\t\t\t\t<\/div>\n\t\t<\/section>\n\t\t\t\t<section class=\"elementor-section elementor-inner-section elementor-element elementor-element-b0ff5f6 elementor-section-boxed elementor-section-height-default elementor-section-height-default\" data-id=\"b0ff5f6\" data-element_type=\"section\" data-e-type=\"section\">\n\t\t\t\t\t\t<div class=\"elementor-container elementor-column-gap-default\">\n\t\t\t\t\t<div class=\"elementor-column elementor-col-50 elementor-inner-column elementor-element elementor-element-3391d29\" data-id=\"3391d29\" data-element_type=\"column\" data-e-type=\"column\">\n\t\t\t<div class=\"elementor-widget-wrap elementor-element-populated\">\n\t\t\t\t\t\t<div class=\"elementor-element elementor-element-5ab4e5b elementor-widget elementor-widget-image\" data-id=\"5ab4e5b\" data-element_type=\"widget\" data-e-type=\"widget\" data-widget_type=\"image.default\">\n\t\t\t\t<div class=\"elementor-widget-container\">\n\t\t\t\t\t\t\t\t\t\t\t\t\t\t\t<img decoding=\"async\" width=\"225\" height=\"300\" src=\"https:\/\/lepressoirsxm.com\/wp-content\/uploads\/2022\/10\/3F27A8A3-87A1-48DE-8298-F5EED0EB8817_1_105_c-225x300.jpeg\" class=\"attachment-medium size-medium wp-image-2577\" alt=\"\" srcset=\"https:\/\/lepressoirsxm.com\/wp-content\/uploads\/2022\/10\/3F27A8A3-87A1-48DE-8298-F5EED0EB8817_1_105_c-225x300.jpeg 225w, https:\/\/lepressoirsxm.com\/wp-content\/uploads\/2022\/10\/3F27A8A3-87A1-48DE-8298-F5EED0EB8817_1_105_c.jpeg 768w\" sizes=\"(max-width: 225px) 100vw, 225px\" \/>\t\t\t\t\t\t\t\t\t\t\t\t\t\t\t<\/div>\n\t\t\t\t<\/div>\n\t\t\t\t\t<\/div>\n\t\t<\/div>\n\t\t\t\t<div class=\"elementor-column elementor-col-50 elementor-inner-column elementor-element elementor-element-a7e6ad9\" data-id=\"a7e6ad9\" data-element_type=\"column\" data-e-type=\"column\">\n\t\t\t<div class=\"elementor-widget-wrap elementor-element-populated\">\n\t\t\t\t\t\t<div class=\"elementor-element elementor-element-4eaf8f6 elementor-widget elementor-widget-text-editor\" data-id=\"4eaf8f6\" data-element_type=\"widget\" data-e-type=\"widget\" data-widget_type=\"text-editor.default\">\n\t\t\t\t<div class=\"elementor-widget-container\">\n\t\t\t\t\t\t\t\t\t<pre><span class=\"Y2IQFc\" lang=\"fr\">Le Chef J\u00e9r\u00f4me Droingt aussi connu sous le nom de \"Chef Dje\" est avec nous depuis plus de 3 ans maintenant... Et il est bien plus que le Chef ! C'est un ami tr\u00e8s proche...\r\nIl vous surprendra \u00e0 coup s\u00fbr avec ses cr\u00e9ations culinaires inspir\u00e9es de ses racines m\u00e9diterran\u00e9enes ! Sa philosophie est d'utiliser autant que possible des produits bios et locaux. Il en r\u00e9sulte une cuisine d'inspiration fusion que vous ne verrez jamais ailleurs....<\/span><\/pre>\n\t\t\t\t\t\t\t\t<\/div>\n\t\t\t\t<\/div>\n\t\t\t\t\t<\/div>\n\t\t<\/div>\n\t\t\t\t\t<\/div>\n\t\t<\/section>\n\t\t\t\t<section class=\"elementor-section elementor-inner-section elementor-element elementor-element-0859207 elementor-section-boxed elementor-section-height-default elementor-section-height-default\" data-id=\"0859207\" data-element_type=\"section\" data-e-type=\"section\">\n\t\t\t\t\t\t<div class=\"elementor-container elementor-column-gap-default\">\n\t\t\t\t\t<div class=\"elementor-column elementor-col-50 elementor-inner-column elementor-element elementor-element-9723c64\" data-id=\"9723c64\" data-element_type=\"column\" data-e-type=\"column\">\n\t\t\t<div class=\"elementor-widget-wrap\">\n\t\t\t\t\t\t\t<\/div>\n\t\t<\/div>\n\t\t\t\t<div class=\"elementor-column elementor-col-50 elementor-inner-column elementor-element elementor-element-b32c788\" data-id=\"b32c788\" data-element_type=\"column\" data-e-type=\"column\">\n\t\t\t<div class=\"elementor-widget-wrap elementor-element-populated\">\n\t\t\t\t\t\t<div class=\"elementor-element elementor-element-edeec47 elementor-widget elementor-widget-text-editor\" data-id=\"edeec47\" data-element_type=\"widget\" data-e-type=\"widget\" data-widget_type=\"text-editor.default\">\n\t\t\t\t<div class=\"elementor-widget-container\">\n\t\t\t\t\t\t\t\t\t<pre style=\"font-family: 'Great Vibes', sans-serif; font-size: 28px;\">Bien evidemment nous n'oublions pas tous nos collaborateurs qui nous suivent depuis le debit...<\/pre>\n\t\t\t\t\t\t\t\t<\/div>\n\t\t\t\t<\/div>\n\t\t\t\t<div class=\"elementor-element elementor-element-96070e0 elementor-widget elementor-widget-gallery\" data-id=\"96070e0\" data-element_type=\"widget\" data-e-type=\"widget\" data-settings=\"{&quot;lazyload&quot;:&quot;yes&quot;,&quot;gallery_layout&quot;:&quot;grid&quot;,&quot;columns&quot;:4,&quot;columns_tablet&quot;:2,&quot;columns_mobile&quot;:1,&quot;gap&quot;:{&quot;unit&quot;:&quot;px&quot;,&quot;size&quot;:10,&quot;sizes&quot;:[]},&quot;gap_tablet&quot;:{&quot;unit&quot;:&quot;px&quot;,&quot;size&quot;:10,&quot;sizes&quot;:[]},&quot;gap_mobile&quot;:{&quot;unit&quot;:&quot;px&quot;,&quot;size&quot;:10,&quot;sizes&quot;:[]},&quot;link_to&quot;:&quot;file&quot;,&quot;aspect_ratio&quot;:&quot;3:2&quot;,&quot;overlay_background&quot;:&quot;yes&quot;,&quot;content_hover_animation&quot;:&quot;fade-in&quot;}\" data-widget_type=\"gallery.default\">\n\t\t\t\t<div class=\"elementor-widget-container\">\n\t\t\t\t\t\t\t<div class=\"elementor-gallery__container\">\n\t\t\t\t\t\t\t<a class=\"e-gallery-item elementor-gallery-item elementor-animated-content\" href=\"https:\/\/lepressoirsxm.com\/wp-content\/uploads\/2022\/04\/5A4EA7D5-711B-4E6D-AB78-002E59756E9B_1_105_c.jpeg\" data-elementor-open-lightbox=\"yes\" data-elementor-lightbox-slideshow=\"96070e0\" data-elementor-lightbox-title=\"Sous Chef Andr\u00e9 Morel\" data-e-action-hash=\"#elementor-action%3Aaction%3Dlightbox%26settings%3DeyJpZCI6MjQwNiwidXJsIjoiaHR0cHM6XC9cL2xlcHJlc3NvaXJzeG0uY29tXC93cC1jb250ZW50XC91cGxvYWRzXC8yMDIyXC8wNFwvNUE0RUE3RDUtNzExQi00RTZELUFCNzgtMDAyRTU5NzU2RTlCXzFfMTA1X2MuanBlZyIsInNsaWRlc2hvdyI6Ijk2MDcwZTAifQ%3D%3D\">\n\t\t\t\t\t<div class=\"e-gallery-image elementor-gallery-item__image\" data-thumbnail=\"https:\/\/lepressoirsxm.com\/wp-content\/uploads\/2022\/04\/5A4EA7D5-711B-4E6D-AB78-002E59756E9B_1_105_c-225x300.jpeg\" data-width=\"225\" data-height=\"300\" aria-label=\"\" role=\"img\" ><\/div>\n\t\t\t\t\t\t\t\t\t\t\t<div class=\"elementor-gallery-item__overlay\"><\/div>\n\t\t\t\t\t\t\t\t\t\t\t\t\t\t<\/a>\n\t\t\t\t\t\t\t<a class=\"e-gallery-item elementor-gallery-item elementor-animated-content\" href=\"https:\/\/lepressoirsxm.com\/wp-content\/uploads\/2022\/04\/3FA6B89B-6EAD-4146-BA85-87ED8EF7C047_1_105_c.jpeg\" data-elementor-open-lightbox=\"yes\" data-elementor-lightbox-slideshow=\"96070e0\" data-elementor-lightbox-title=\"Apetizers Chef: William\" data-e-action-hash=\"#elementor-action%3Aaction%3Dlightbox%26settings%3DeyJpZCI6MjQwOCwidXJsIjoiaHR0cHM6XC9cL2xlcHJlc3NvaXJzeG0uY29tXC93cC1jb250ZW50XC91cGxvYWRzXC8yMDIyXC8wNFwvM0ZBNkI4OUItNkVBRC00MTQ2LUJBODUtODdFRDhFRjdDMDQ3XzFfMTA1X2MuanBlZyIsInNsaWRlc2hvdyI6Ijk2MDcwZTAifQ%3D%3D\">\n\t\t\t\t\t<div class=\"e-gallery-image elementor-gallery-item__image\" data-thumbnail=\"https:\/\/lepressoirsxm.com\/wp-content\/uploads\/2022\/04\/3FA6B89B-6EAD-4146-BA85-87ED8EF7C047_1_105_c-225x300.jpeg\" data-width=\"225\" data-height=\"300\" aria-label=\"\" role=\"img\" ><\/div>\n\t\t\t\t\t\t\t\t\t\t\t<div class=\"elementor-gallery-item__overlay\"><\/div>\n\t\t\t\t\t\t\t\t\t\t\t\t\t\t<\/a>\n\t\t\t\t\t\t\t<a class=\"e-gallery-item elementor-gallery-item elementor-animated-content\" href=\"https:\/\/lepressoirsxm.com\/wp-content\/uploads\/2022\/10\/IMG_0069.jpg\" data-elementor-open-lightbox=\"yes\" data-elementor-lightbox-slideshow=\"96070e0\" data-elementor-lightbox-title=\"IMG_0069\" data-e-action-hash=\"#elementor-action%3Aaction%3Dlightbox%26settings%3DeyJpZCI6MjU5NiwidXJsIjoiaHR0cHM6XC9cL2xlcHJlc3NvaXJzeG0uY29tXC93cC1jb250ZW50XC91cGxvYWRzXC8yMDIyXC8xMFwvSU1HXzAwNjkuanBnIiwic2xpZGVzaG93IjoiOTYwNzBlMCJ9\">\n\t\t\t\t\t<div class=\"e-gallery-image elementor-gallery-item__image\" data-thumbnail=\"https:\/\/lepressoirsxm.com\/wp-content\/uploads\/2022\/10\/IMG_0069-225x300.jpg\" data-width=\"225\" data-height=\"300\" aria-label=\"\" role=\"img\" ><\/div>\n\t\t\t\t\t\t\t\t\t\t\t<div class=\"elementor-gallery-item__overlay\"><\/div>\n\t\t\t\t\t\t\t\t\t\t\t\t\t\t<\/a>\n\t\t\t\t\t\t\t<a class=\"e-gallery-item elementor-gallery-item elementor-animated-content\" href=\"https:\/\/lepressoirsxm.com\/wp-content\/uploads\/2022\/10\/IMG_0069-2.jpg\" data-elementor-open-lightbox=\"yes\" data-elementor-lightbox-slideshow=\"96070e0\" data-elementor-lightbox-title=\"IMG_0069 2\" data-e-action-hash=\"#elementor-action%3Aaction%3Dlightbox%26settings%3DeyJpZCI6MjU5MiwidXJsIjoiaHR0cHM6XC9cL2xlcHJlc3NvaXJzeG0uY29tXC93cC1jb250ZW50XC91cGxvYWRzXC8yMDIyXC8xMFwvSU1HXzAwNjktMi5qcGciLCJzbGlkZXNob3ciOiI5NjA3MGUwIn0%3D\">\n\t\t\t\t\t<div class=\"e-gallery-image elementor-gallery-item__image\" data-thumbnail=\"https:\/\/lepressoirsxm.com\/wp-content\/uploads\/2022\/10\/IMG_0069-2-225x300.jpg\" data-width=\"225\" data-height=\"300\" aria-label=\"\" role=\"img\" ><\/div>\n\t\t\t\t\t\t\t\t\t\t\t<div class=\"elementor-gallery-item__overlay\"><\/div>\n\t\t\t\t\t\t\t\t\t\t\t\t\t\t<\/a>\n\t\t\t\t\t\t\t<a class=\"e-gallery-item elementor-gallery-item elementor-animated-content\" href=\"https:\/\/lepressoirsxm.com\/wp-content\/uploads\/2022\/04\/E09B3433-E57B-4EC4-9DDF-32B048D25888_1_105_c.jpeg\" data-elementor-open-lightbox=\"yes\" data-elementor-lightbox-slideshow=\"96070e0\" data-elementor-lightbox-title=\"The Rumtender: Jason\" data-e-action-hash=\"#elementor-action%3Aaction%3Dlightbox%26settings%3DeyJpZCI6MjQxMiwidXJsIjoiaHR0cHM6XC9cL2xlcHJlc3NvaXJzeG0uY29tXC93cC1jb250ZW50XC91cGxvYWRzXC8yMDIyXC8wNFwvRTA5QjM0MzMtRTU3Qi00RUM0LTlEREYtMzJCMDQ4RDI1ODg4XzFfMTA1X2MuanBlZyIsInNsaWRlc2hvdyI6Ijk2MDcwZTAifQ%3D%3D\">\n\t\t\t\t\t<div class=\"e-gallery-image elementor-gallery-item__image\" data-thumbnail=\"https:\/\/lepressoirsxm.com\/wp-content\/uploads\/2022\/04\/E09B3433-E57B-4EC4-9DDF-32B048D25888_1_105_c-225x300.jpeg\" data-width=\"225\" data-height=\"300\" aria-label=\"\" role=\"img\" ><\/div>\n\t\t\t\t\t\t\t\t\t\t\t<div class=\"elementor-gallery-item__overlay\"><\/div>\n\t\t\t\t\t\t\t\t\t\t\t\t\t\t<\/a>\n\t\t\t\t\t<\/div>\n\t\t\t\t\t<\/div>\n\t\t\t\t<\/div>\n\t\t\t\t\t<\/div>\n\t\t<\/div>\n\t\t\t\t\t<\/div>\n\t\t<\/section>\n\t\t\t\t\t<\/div>\n\t\t<\/div>\n\t\t\t\t\t<\/div>\n\t\t<\/section>\n\t\t\t\t<\/div>\n\t\t","protected":false},"excerpt":{"rendered":"<p>Visite virutelle du Pressoir&#8230; Le Pressoir Tout commence au sein d\u2019une case cr\u00e9ole centenaire, aux espaces repens\u00e9s, alliant volumes cr\u00e9oles et effets contemporains. Dans le chaleureux d\u00e9cor de cette maison impr\u00e9gn\u00e9e d\u2019histoire et de tradition, l\u2019authenticit\u00e9 est au rendez-vous. &nbsp; L&rsquo;EQUIPEDU PRESSOIR Nous sommes Gil et Milaure! Nous oeuvrons depuis pr\u00e9s de 25 ans dans [&hellip;]<\/p>\n","protected":false},"author":1,"featured_media":0,"parent":0,"menu_order":0,"comment_status":"closed","ping_status":"closed","template":"elementor_header_footer","meta":{"footnotes":""},"class_list":["post-658","page","type-page","status-publish","hentry"],"_links":{"self":[{"href":"https:\/\/lepressoirsxm.com\/fr\/wp-json\/wp\/v2\/pages\/658","targetHints":{"allow":["GET"]}}],"collection":[{"href":"https:\/\/lepressoirsxm.com\/fr\/wp-json\/wp\/v2\/pages"}],"about":[{"href":"https:\/\/lepressoirsxm.com\/fr\/wp-json\/wp\/v2\/types\/page"}],"author":[{"embeddable":true,"href":"https:\/\/lepressoirsxm.com\/fr\/wp-json\/wp\/v2\/users\/1"}],"replies":[{"embeddable":true,"href":"https:\/\/lepressoirsxm.com\/fr\/wp-json\/wp\/v2\/comments?post=658"}],"version-history":[{"count":13,"href":"https:\/\/lepressoirsxm.com\/fr\/wp-json\/wp\/v2\/pages\/658\/revisions"}],"predecessor-version":[{"id":3433,"href":"https:\/\/lepressoirsxm.com\/fr\/wp-json\/wp\/v2\/pages\/658\/revisions\/3433"}],"wp:attachment":[{"href":"https:\/\/lepressoirsxm.com\/fr\/wp-json\/wp\/v2\/media?parent=658"}],"curies":[{"name":"wp","href":"https:\/\/api.w.org\/{rel}","templated":true}]}}