{"id":1597,"date":"2021-10-25T21:43:58","date_gmt":"2021-10-26T01:43:58","guid":{"rendered":"https:\/\/lepressoirsxm.com\/les-evenements\/"},"modified":"2024-07-12T10:46:00","modified_gmt":"2024-07-12T14:46:00","slug":"les-evenements","status":"publish","type":"page","link":"https:\/\/lepressoirsxm.com\/fr\/les-evenements\/","title":{"rendered":"Privatisation"},"content":{"rendered":"\t\t<div data-elementor-type=\"wp-post\" data-elementor-id=\"1597\" class=\"elementor elementor-1597 elementor-1573\" data-elementor-post-type=\"page\">\n\t\t\t\t\t\t<section class=\"elementor-section elementor-top-section elementor-element elementor-element-487593eb elementor-section-height-min-height elementor-section-content-middle elementor-section-boxed elementor-section-height-default elementor-section-items-middle\" data-id=\"487593eb\" data-element_type=\"section\" data-e-type=\"section\" data-settings=\"{&quot;background_background&quot;:&quot;classic&quot;}\">\n\t\t\t\t\t\t\t<div class=\"elementor-background-overlay\"><\/div>\n\t\t\t\t\t\t\t<div class=\"elementor-container elementor-column-gap-default\">\n\t\t\t\t\t<div class=\"elementor-column elementor-col-100 elementor-top-column elementor-element elementor-element-4d37c2b5\" data-id=\"4d37c2b5\" data-element_type=\"column\" data-e-type=\"column\">\n\t\t\t<div class=\"elementor-widget-wrap elementor-element-populated\">\n\t\t\t\t\t\t<div class=\"elementor-element elementor-element-c960a73 elementor-widget elementor-widget-heading\" data-id=\"c960a73\" data-element_type=\"widget\" data-e-type=\"widget\" data-widget_type=\"heading.default\">\n\t\t\t\t<div class=\"elementor-widget-container\">\n\t\t\t\t\t<h2 class=\"elementor-heading-title elementor-size-default\">Votre Soir\u00e9e priv\u00e9e<\/h2>\t\t\t\t<\/div>\n\t\t\t\t<\/div>\n\t\t\t\t<div class=\"elementor-element elementor-element-2d8d4ad elementor-widget elementor-widget-heading\" data-id=\"2d8d4ad\" data-element_type=\"widget\" data-e-type=\"widget\" data-widget_type=\"heading.default\">\n\t\t\t\t<div class=\"elementor-widget-container\">\n\t\t\t\t\t<h2 class=\"elementor-heading-title elementor-size-default\">Privatisez \" Canne &amp; Melasse\" pour votre \u00e9v\u00e8nement<br>Dans un environnement compl\u00e8tement atypique entour\u00e9 de plus de 200 bouteilles de rhum dans une atmosph\u00e8re bois\u00e9e<br><\/h2>\t\t\t\t<\/div>\n\t\t\t\t<\/div>\n\t\t\t\t<div class=\"elementor-element elementor-element-e49ae2c elementor-widget elementor-widget-heading\" data-id=\"e49ae2c\" data-element_type=\"widget\" data-e-type=\"widget\" data-widget_type=\"heading.default\">\n\t\t\t\t<div class=\"elementor-widget-container\">\n\t\t\t\t\t<h2 class=\"elementor-heading-title elementor-size-default\">Votre soir\u00e9e \" Sur mesure\"<\/h2>\t\t\t\t<\/div>\n\t\t\t\t<\/div>\n\t\t\t\t<div class=\"elementor-element elementor-element-3b2a55d elementor-widget elementor-widget-heading\" data-id=\"3b2a55d\" data-element_type=\"widget\" data-e-type=\"widget\" data-widget_type=\"heading.default\">\n\t\t\t\t<div class=\"elementor-widget-container\">\n\t\t\t\t\t<h2 class=\"elementor-heading-title elementor-size-default\">De 6 \u00e0 18 personnes<br>- Private Parking Valet<br>- Terrasse priv\u00e9e<br>-Votre maitre d'h\u00f4tel<br>- Toilettes priv\u00e9es<br>- Pas de restriction tabagiques<br>- Votre musique<\/h2>\t\t\t\t<\/div>\n\t\t\t\t<\/div>\n\t\t\t\t<div class=\"elementor-element elementor-element-6e042bc elementor-arrows-position-inside elementor-pagination-position-outside elementor-widget elementor-widget-image-carousel\" data-id=\"6e042bc\" data-element_type=\"widget\" data-e-type=\"widget\" data-settings=\"{&quot;navigation&quot;:&quot;both&quot;,&quot;autoplay&quot;:&quot;yes&quot;,&quot;pause_on_hover&quot;:&quot;yes&quot;,&quot;pause_on_interaction&quot;:&quot;yes&quot;,&quot;autoplay_speed&quot;:5000,&quot;infinite&quot;:&quot;yes&quot;,&quot;speed&quot;:500}\" data-widget_type=\"image-carousel.default\">\n\t\t\t\t<div class=\"elementor-widget-container\">\n\t\t\t\t\t\t\t<div class=\"elementor-image-carousel-wrapper swiper\" role=\"region\" aria-roledescription=\"carousel\" aria-label=\"Carrousel d\u2019images\" dir=\"ltr\">\n\t\t\t<div class=\"elementor-image-carousel swiper-wrapper\" aria-live=\"off\">\n\t\t\t\t\t\t\t\t<div class=\"swiper-slide\" role=\"group\" aria-roledescription=\"slide\" aria-label=\"1 sur 11\"><a data-elementor-open-lightbox=\"yes\" data-elementor-lightbox-slideshow=\"6e042bc\" data-elementor-lightbox-title=\"A89DC65B-AFBF-4B1C-8C26-D1FB3CAB5581_1_105_c\" data-e-action-hash=\"#elementor-action%3Aaction%3Dlightbox%26settings%3DeyJpZCI6MzMxOCwidXJsIjoiaHR0cHM6XC9cL2xlcHJlc3NvaXJzeG0uY29tXC93cC1jb250ZW50XC91cGxvYWRzXC8yMDI0XC8wMVwvQTg5REM2NUItQUZCRi00QjFDLThDMjYtRDFGQjNDQUI1NTgxXzFfMTA1X2MuanBlZyIsInNsaWRlc2hvdyI6IjZlMDQyYmMifQ%3D%3D\" href=\"https:\/\/lepressoirsxm.com\/wp-content\/uploads\/2024\/01\/A89DC65B-AFBF-4B1C-8C26-D1FB3CAB5581_1_105_c.jpeg\"><figure class=\"swiper-slide-inner\"><img decoding=\"async\" class=\"swiper-slide-image\" src=\"https:\/\/lepressoirsxm.com\/wp-content\/uploads\/2024\/01\/A89DC65B-AFBF-4B1C-8C26-D1FB3CAB5581_1_105_c-150x150.jpeg\" alt=\"A89DC65B-AFBF-4B1C-8C26-D1FB3CAB5581_1_105_c\" \/><\/figure><\/a><\/div><div class=\"swiper-slide\" role=\"group\" aria-roledescription=\"slide\" aria-label=\"2 sur 11\"><a data-elementor-open-lightbox=\"yes\" data-elementor-lightbox-slideshow=\"6e042bc\" data-elementor-lightbox-title=\"EE6F563D-1995-4089-83C9-D2F47024078B_1_105_c\" data-e-action-hash=\"#elementor-action%3Aaction%3Dlightbox%26settings%3DeyJpZCI6MzMyMCwidXJsIjoiaHR0cHM6XC9cL2xlcHJlc3NvaXJzeG0uY29tXC93cC1jb250ZW50XC91cGxvYWRzXC8yMDI0XC8wMVwvRUU2RjU2M0QtMTk5NS00MDg5LTgzQzktRDJGNDcwMjQwNzhCXzFfMTA1X2MuanBlZyIsInNsaWRlc2hvdyI6IjZlMDQyYmMifQ%3D%3D\" href=\"https:\/\/lepressoirsxm.com\/wp-content\/uploads\/2024\/01\/EE6F563D-1995-4089-83C9-D2F47024078B_1_105_c.jpeg\"><figure class=\"swiper-slide-inner\"><img decoding=\"async\" class=\"swiper-slide-image\" src=\"https:\/\/lepressoirsxm.com\/wp-content\/uploads\/2024\/01\/EE6F563D-1995-4089-83C9-D2F47024078B_1_105_c-150x150.jpeg\" alt=\"EE6F563D-1995-4089-83C9-D2F47024078B_1_105_c\" \/><\/figure><\/a><\/div><div class=\"swiper-slide\" role=\"group\" aria-roledescription=\"slide\" aria-label=\"3 sur 11\"><a data-elementor-open-lightbox=\"yes\" data-elementor-lightbox-slideshow=\"6e042bc\" data-elementor-lightbox-title=\"7AC041EC-F47C-450E-8383-EA8EDE00F6DB_1_105_c\" data-e-action-hash=\"#elementor-action%3Aaction%3Dlightbox%26settings%3DeyJpZCI6MzMyMiwidXJsIjoiaHR0cHM6XC9cL2xlcHJlc3NvaXJzeG0uY29tXC93cC1jb250ZW50XC91cGxvYWRzXC8yMDI0XC8wMVwvN0FDMDQxRUMtRjQ3Qy00NTBFLTgzODMtRUE4RURFMDBGNkRCXzFfMTA1X2MuanBlZyIsInNsaWRlc2hvdyI6IjZlMDQyYmMifQ%3D%3D\" href=\"https:\/\/lepressoirsxm.com\/wp-content\/uploads\/2024\/01\/7AC041EC-F47C-450E-8383-EA8EDE00F6DB_1_105_c.jpeg\"><figure class=\"swiper-slide-inner\"><img decoding=\"async\" class=\"swiper-slide-image\" src=\"https:\/\/lepressoirsxm.com\/wp-content\/uploads\/2024\/01\/7AC041EC-F47C-450E-8383-EA8EDE00F6DB_1_105_c-150x150.jpeg\" alt=\"7AC041EC-F47C-450E-8383-EA8EDE00F6DB_1_105_c\" \/><\/figure><\/a><\/div><div class=\"swiper-slide\" role=\"group\" aria-roledescription=\"slide\" aria-label=\"4 sur 11\"><a data-elementor-open-lightbox=\"yes\" data-elementor-lightbox-slideshow=\"6e042bc\" data-elementor-lightbox-title=\"FEFA80C7-5331-420C-934D-03F0F370FCDE_1_105_c\" data-e-action-hash=\"#elementor-action%3Aaction%3Dlightbox%26settings%3DeyJpZCI6MzMyNCwidXJsIjoiaHR0cHM6XC9cL2xlcHJlc3NvaXJzeG0uY29tXC93cC1jb250ZW50XC91cGxvYWRzXC8yMDI0XC8wMVwvRkVGQTgwQzctNTMzMS00MjBDLTkzNEQtMDNGMEYzNzBGQ0RFXzFfMTA1X2MuanBlZyIsInNsaWRlc2hvdyI6IjZlMDQyYmMifQ%3D%3D\" href=\"https:\/\/lepressoirsxm.com\/wp-content\/uploads\/2024\/01\/FEFA80C7-5331-420C-934D-03F0F370FCDE_1_105_c.jpeg\"><figure class=\"swiper-slide-inner\"><img decoding=\"async\" class=\"swiper-slide-image\" src=\"https:\/\/lepressoirsxm.com\/wp-content\/uploads\/2024\/01\/FEFA80C7-5331-420C-934D-03F0F370FCDE_1_105_c-150x150.jpeg\" alt=\"FEFA80C7-5331-420C-934D-03F0F370FCDE_1_105_c\" \/><\/figure><\/a><\/div><div class=\"swiper-slide\" role=\"group\" aria-roledescription=\"slide\" aria-label=\"5 sur 11\"><a data-elementor-open-lightbox=\"yes\" data-elementor-lightbox-slideshow=\"6e042bc\" data-elementor-lightbox-title=\"D43078D5-810E-44D2-9C68-16C8918CBC37_1_105_c\" data-e-action-hash=\"#elementor-action%3Aaction%3Dlightbox%26settings%3DeyJpZCI6MzMyNiwidXJsIjoiaHR0cHM6XC9cL2xlcHJlc3NvaXJzeG0uY29tXC93cC1jb250ZW50XC91cGxvYWRzXC8yMDI0XC8wMVwvRDQzMDc4RDUtODEwRS00NEQyLTlDNjgtMTZDODkxOENCQzM3XzFfMTA1X2MuanBlZyIsInNsaWRlc2hvdyI6IjZlMDQyYmMifQ%3D%3D\" href=\"https:\/\/lepressoirsxm.com\/wp-content\/uploads\/2024\/01\/D43078D5-810E-44D2-9C68-16C8918CBC37_1_105_c.jpeg\"><figure class=\"swiper-slide-inner\"><img decoding=\"async\" class=\"swiper-slide-image\" src=\"https:\/\/lepressoirsxm.com\/wp-content\/uploads\/2024\/01\/D43078D5-810E-44D2-9C68-16C8918CBC37_1_105_c-150x150.jpeg\" alt=\"D43078D5-810E-44D2-9C68-16C8918CBC37_1_105_c\" \/><\/figure><\/a><\/div><div class=\"swiper-slide\" role=\"group\" aria-roledescription=\"slide\" aria-label=\"6 sur 11\"><a data-elementor-open-lightbox=\"yes\" data-elementor-lightbox-slideshow=\"6e042bc\" data-elementor-lightbox-title=\"0EABA3FA-A017-400D-A249-8BE4E60A87F9_1_105_c\" data-e-action-hash=\"#elementor-action%3Aaction%3Dlightbox%26settings%3DeyJpZCI6MzMyOCwidXJsIjoiaHR0cHM6XC9cL2xlcHJlc3NvaXJzeG0uY29tXC93cC1jb250ZW50XC91cGxvYWRzXC8yMDI0XC8wMVwvMEVBQkEzRkEtQTAxNy00MDBELUEyNDktOEJFNEU2MEE4N0Y5XzFfMTA1X2MuanBlZyIsInNsaWRlc2hvdyI6IjZlMDQyYmMifQ%3D%3D\" href=\"https:\/\/lepressoirsxm.com\/wp-content\/uploads\/2024\/01\/0EABA3FA-A017-400D-A249-8BE4E60A87F9_1_105_c.jpeg\"><figure class=\"swiper-slide-inner\"><img decoding=\"async\" class=\"swiper-slide-image\" src=\"https:\/\/lepressoirsxm.com\/wp-content\/uploads\/2024\/01\/0EABA3FA-A017-400D-A249-8BE4E60A87F9_1_105_c-150x150.jpeg\" alt=\"0EABA3FA-A017-400D-A249-8BE4E60A87F9_1_105_c\" \/><\/figure><\/a><\/div><div class=\"swiper-slide\" role=\"group\" aria-roledescription=\"slide\" aria-label=\"7 sur 11\"><a data-elementor-open-lightbox=\"yes\" data-elementor-lightbox-slideshow=\"6e042bc\" data-elementor-lightbox-title=\"F7F46D64-0341-48F0-AC7E-3024DCAB2048_1_105_c\" data-e-action-hash=\"#elementor-action%3Aaction%3Dlightbox%26settings%3DeyJpZCI6MzMzMCwidXJsIjoiaHR0cHM6XC9cL2xlcHJlc3NvaXJzeG0uY29tXC93cC1jb250ZW50XC91cGxvYWRzXC8yMDI0XC8wMVwvRjdGNDZENjQtMDM0MS00OEYwLUFDN0UtMzAyNERDQUIyMDQ4XzFfMTA1X2MuanBlZyIsInNsaWRlc2hvdyI6IjZlMDQyYmMifQ%3D%3D\" href=\"https:\/\/lepressoirsxm.com\/wp-content\/uploads\/2024\/01\/F7F46D64-0341-48F0-AC7E-3024DCAB2048_1_105_c.jpeg\"><figure class=\"swiper-slide-inner\"><img decoding=\"async\" class=\"swiper-slide-image\" src=\"https:\/\/lepressoirsxm.com\/wp-content\/uploads\/2024\/01\/F7F46D64-0341-48F0-AC7E-3024DCAB2048_1_105_c-150x150.jpeg\" alt=\"F7F46D64-0341-48F0-AC7E-3024DCAB2048_1_105_c\" \/><\/figure><\/a><\/div><div class=\"swiper-slide\" role=\"group\" aria-roledescription=\"slide\" aria-label=\"8 sur 11\"><a data-elementor-open-lightbox=\"yes\" data-elementor-lightbox-slideshow=\"6e042bc\" data-elementor-lightbox-title=\"6C24A154-412E-4E7F-8345-5DD3A709862C_1_105_c\" data-e-action-hash=\"#elementor-action%3Aaction%3Dlightbox%26settings%3DeyJpZCI6MzMxNiwidXJsIjoiaHR0cHM6XC9cL2xlcHJlc3NvaXJzeG0uY29tXC93cC1jb250ZW50XC91cGxvYWRzXC8yMDI0XC8wMVwvNkMyNEExNTQtNDEyRS00RTdGLTgzNDUtNUREM0E3MDk4NjJDXzFfMTA1X2MuanBlZyIsInNsaWRlc2hvdyI6IjZlMDQyYmMifQ%3D%3D\" href=\"https:\/\/lepressoirsxm.com\/wp-content\/uploads\/2024\/01\/6C24A154-412E-4E7F-8345-5DD3A709862C_1_105_c.jpeg\"><figure class=\"swiper-slide-inner\"><img decoding=\"async\" class=\"swiper-slide-image\" src=\"https:\/\/lepressoirsxm.com\/wp-content\/uploads\/2024\/01\/6C24A154-412E-4E7F-8345-5DD3A709862C_1_105_c-150x150.jpeg\" alt=\"6C24A154-412E-4E7F-8345-5DD3A709862C_1_105_c\" \/><\/figure><\/a><\/div><div class=\"swiper-slide\" role=\"group\" aria-roledescription=\"slide\" aria-label=\"9 sur 11\"><a data-elementor-open-lightbox=\"yes\" data-elementor-lightbox-slideshow=\"6e042bc\" data-elementor-lightbox-title=\"_MG_2415\" data-e-action-hash=\"#elementor-action%3Aaction%3Dlightbox%26settings%3DeyJpZCI6MzMzMiwidXJsIjoiaHR0cHM6XC9cL2xlcHJlc3NvaXJzeG0uY29tXC93cC1jb250ZW50XC91cGxvYWRzXC8yMDI0XC8wMVwvTUdfMjQxNS5qcGciLCJzbGlkZXNob3ciOiI2ZTA0MmJjIn0%3D\" href=\"https:\/\/lepressoirsxm.com\/wp-content\/uploads\/2024\/01\/MG_2415.jpg\"><figure class=\"swiper-slide-inner\"><img decoding=\"async\" class=\"swiper-slide-image\" src=\"https:\/\/lepressoirsxm.com\/wp-content\/uploads\/2024\/01\/MG_2415-150x150.jpg\" alt=\"_MG_2415\" \/><\/figure><\/a><\/div><div class=\"swiper-slide\" role=\"group\" aria-roledescription=\"slide\" aria-label=\"10 sur 11\"><a data-elementor-open-lightbox=\"yes\" data-elementor-lightbox-slideshow=\"6e042bc\" data-elementor-lightbox-title=\"7G4A9691\" data-e-action-hash=\"#elementor-action%3Aaction%3Dlightbox%26settings%3DeyJpZCI6MzMzNCwidXJsIjoiaHR0cHM6XC9cL2xlcHJlc3NvaXJzeG0uY29tXC93cC1jb250ZW50XC91cGxvYWRzXC8yMDI0XC8wMVwvN0c0QTk2OTEtc2NhbGVkLmpwZyIsInNsaWRlc2hvdyI6IjZlMDQyYmMifQ%3D%3D\" href=\"https:\/\/lepressoirsxm.com\/wp-content\/uploads\/2024\/01\/7G4A9691-scaled.jpg\"><figure class=\"swiper-slide-inner\"><img decoding=\"async\" class=\"swiper-slide-image\" src=\"https:\/\/lepressoirsxm.com\/wp-content\/uploads\/2024\/01\/7G4A9691-150x150.jpg\" alt=\"7G4A9691\" \/><\/figure><\/a><\/div><div class=\"swiper-slide\" role=\"group\" aria-roledescription=\"slide\" aria-label=\"11 sur 11\"><a data-elementor-open-lightbox=\"yes\" data-elementor-lightbox-slideshow=\"6e042bc\" data-elementor-lightbox-title=\"042a091b-f8e7-4ba5-a911-254e0b0202a6\" data-e-action-hash=\"#elementor-action%3Aaction%3Dlightbox%26settings%3DeyJpZCI6MzMzNiwidXJsIjoiaHR0cHM6XC9cL2xlcHJlc3NvaXJzeG0uY29tXC93cC1jb250ZW50XC91cGxvYWRzXC8yMDI0XC8wMVwvMDQyYTA5MWItZjhlNy00YmE1LWE5MTEtMjU0ZTBiMDIwMmE2LmpwZyIsInNsaWRlc2hvdyI6IjZlMDQyYmMifQ%3D%3D\" href=\"https:\/\/lepressoirsxm.com\/wp-content\/uploads\/2024\/01\/042a091b-f8e7-4ba5-a911-254e0b0202a6.jpg\"><figure class=\"swiper-slide-inner\"><img decoding=\"async\" class=\"swiper-slide-image\" src=\"https:\/\/lepressoirsxm.com\/wp-content\/uploads\/2024\/01\/042a091b-f8e7-4ba5-a911-254e0b0202a6-150x150.jpg\" alt=\"042a091b-f8e7-4ba5-a911-254e0b0202a6\" \/><\/figure><\/a><\/div>\t\t\t<\/div>\n\t\t\t\t\t\t\t\t\t\t\t\t<div class=\"elementor-swiper-button elementor-swiper-button-prev\" role=\"button\" tabindex=\"0\">\n\t\t\t\t\t\t<i aria-hidden=\"true\" class=\"eicon-chevron-left\"><\/i>\t\t\t\t\t<\/div>\n\t\t\t\t\t<div class=\"elementor-swiper-button elementor-swiper-button-next\" role=\"button\" tabindex=\"0\">\n\t\t\t\t\t\t<i aria-hidden=\"true\" class=\"eicon-chevron-right\"><\/i>\t\t\t\t\t<\/div>\n\t\t\t\t\n\t\t\t\t\t\t\t\t\t<div class=\"swiper-pagination\"><\/div>\n\t\t\t\t\t\t\t\t\t<\/div>\n\t\t\t\t\t\t<\/div>\n\t\t\t\t<\/div>\n\t\t\t\t<div class=\"elementor-element elementor-element-4afd6b4 elementor-widget elementor-widget-heading\" data-id=\"4afd6b4\" data-element_type=\"widget\" data-e-type=\"widget\" data-widget_type=\"heading.default\">\n\t\t\t\t<div class=\"elementor-widget-container\">\n\t\t\t\t\t<h2 class=\"elementor-heading-title elementor-size-default\"><a href=\"mailto:contact@lepressoirsxm.com\">Contactez nous pour de plus amples d\u00e9tails<\/a><\/h2>\t\t\t\t<\/div>\n\t\t\t\t<\/div>\n\t\t\t\t\t<\/div>\n\t\t<\/div>\n\t\t\t\t\t<\/div>\n\t\t<\/section>\n\t\t\t\t<section class=\"elementor-section elementor-top-section elementor-element elementor-element-4415cc01 elementor-section-boxed elementor-section-height-default elementor-section-height-default\" data-id=\"4415cc01\" data-element_type=\"section\" data-e-type=\"section\" data-settings=\"{&quot;background_background&quot;:&quot;gradient&quot;}\">\n\t\t\t\t\t\t<div class=\"elementor-container elementor-column-gap-no\">\n\t\t\t\t\t<div class=\"elementor-column elementor-col-100 elementor-top-column elementor-element elementor-element-55a28d9d\" data-id=\"55a28d9d\" data-element_type=\"column\" data-e-type=\"column\">\n\t\t\t<div class=\"elementor-widget-wrap\">\n\t\t\t\t\t\t\t<\/div>\n\t\t<\/div>\n\t\t\t\t\t<\/div>\n\t\t<\/section>\n\t\t\t\t<\/div>\n\t\t","protected":false},"excerpt":{"rendered":"<p>Votre Soir\u00e9e priv\u00e9e Privatisez \u00a0\u00bb Canne &#038; Melasse\u00a0\u00bb pour votre \u00e9v\u00e8nementDans un environnement compl\u00e8tement atypique entour\u00e9 de plus de 200 bouteilles de rhum dans une atmosph\u00e8re bois\u00e9e Votre soir\u00e9e \u00a0\u00bb Sur mesure\u00a0\u00bb De 6 \u00e0 18 personnes&#8211; Private Parking Valet&#8211; Terrasse priv\u00e9e-Votre maitre d&rsquo;h\u00f4tel&#8211; Toilettes priv\u00e9es&#8211; Pas de restriction tabagiques&#8211; Votre musique Contactez nous pour [&hellip;]<\/p>\n","protected":false},"author":4,"featured_media":0,"parent":0,"menu_order":0,"comment_status":"closed","ping_status":"closed","template":"elementor_header_footer","meta":{"footnotes":""},"class_list":["post-1597","page","type-page","status-publish","hentry"],"_links":{"self":[{"href":"https:\/\/lepressoirsxm.com\/fr\/wp-json\/wp\/v2\/pages\/1597","targetHints":{"allow":["GET"]}}],"collection":[{"href":"https:\/\/lepressoirsxm.com\/fr\/wp-json\/wp\/v2\/pages"}],"about":[{"href":"https:\/\/lepressoirsxm.com\/fr\/wp-json\/wp\/v2\/types\/page"}],"author":[{"embeddable":true,"href":"https:\/\/lepressoirsxm.com\/fr\/wp-json\/wp\/v2\/users\/4"}],"replies":[{"embeddable":true,"href":"https:\/\/lepressoirsxm.com\/fr\/wp-json\/wp\/v2\/comments?post=1597"}],"version-history":[{"count":10,"href":"https:\/\/lepressoirsxm.com\/fr\/wp-json\/wp\/v2\/pages\/1597\/revisions"}],"predecessor-version":[{"id":3352,"href":"https:\/\/lepressoirsxm.com\/fr\/wp-json\/wp\/v2\/pages\/1597\/revisions\/3352"}],"wp:attachment":[{"href":"https:\/\/lepressoirsxm.com\/fr\/wp-json\/wp\/v2\/media?parent=1597"}],"curies":[{"name":"wp","href":"https:\/\/api.w.org\/{rel}","templated":true}]}}